{"id":806,"date":"2020-08-20T13:51:46","date_gmt":"2020-08-20T13:51:46","guid":{"rendered":"https:\/\/deeprootrevolution.com\/?page_id=806"},"modified":"2020-11-15T07:24:19","modified_gmt":"2020-11-15T07:24:19","slug":"our-story","status":"publish","type":"page","link":"https:\/\/deeprootrevolution.com\/es\/our-story\/","title":{"rendered":"Nuestra historia"},"content":{"rendered":"<div id=\"pl-806\"  class=\"panel-layout\" ><div id=\"pg-806-0\"  class=\"panel-grid panel-has-style\" ><div class=\"siteorigin-panels-stretch panel-row-style panel-row-style-for-806-0\" style=\"padding: 20px 0; \" data-stretch-type=\"full\" data-overlay-color=\"#000000\" ><div id=\"pgc-806-0-0\"  class=\"panel-grid-cell\" ><div id=\"panel-806-0-0-0\" class=\"so-panel widget widget_sow-editor panel-first-child panel-last-child\" data-index=\"0\" ><div style=\"text-align: left;\" data-title-color=\"#47425d\" data-headings-color=\"#443f3f\" data-title_alignment=\"center\" class=\"panel-widget-style panel-widget-style-for-806-0-0-0\" ><div\n\t\t\t\n\t\t\tclass=\"so-widget-sow-editor so-widget-sow-editor-base\"\n\t\t\t\n\t\t><h3 class=\"widget-title\">Nuestra historia<\/h3>\n<div class=\"siteorigin-widget-tinymce textwidget\">\n\t<p class=\"p1\" style=\"text-align: justify;\"><img decoding=\"async\" loading=\"lazy\" class=\"alignleft wp-image-802 size-thumbnail\" src=\"https:\/\/deeprootrevolution.com\/wp-content\/uploads\/2020\/08\/DRI-logo-150x150.png\" alt=\"\" width=\"150\" height=\"150\" srcset=\"https:\/\/deeprootrevolution.com\/wp-content\/uploads\/2020\/08\/DRI-logo-150x150.png 150w, https:\/\/deeprootrevolution.com\/wp-content\/uploads\/2020\/08\/DRI-logo-300x297.png 300w, https:\/\/deeprootrevolution.com\/wp-content\/uploads\/2020\/08\/DRI-logo-230x228.png 230w, https:\/\/deeprootrevolution.com\/wp-content\/uploads\/2020\/08\/DRI-logo-350x347.png 350w, https:\/\/deeprootrevolution.com\/wp-content\/uploads\/2020\/08\/DRI-logo.png 519w\" sizes=\"(max-width: 150px) 100vw, 150px\" \/>El momento en que Jeff Ciudaj, fundador e inventor de la sistema de riego <b>D<\/b>eep <b>R<\/b>oot <b>I<\/b>rrigation system, walked into our offices with a simple little device he called the \u201c<b>\"DRI\",<\/b>.\u201d, we recognized instantly that it could <span class=\"s1\"><b>revolucionar<\/b><\/span> agricultura y la forma en que los agricultores riegan sus cultivos permanentes.<span class=\"Apple-converted-space\">\u00a0 <\/span>We also realized what a meaningful impact it could have on the world\u2019s food supply and on the sustainability of one of our most essential and endangered resources: <b>agua<\/b>.<span class=\"Apple-converted-space\">\u00a0 <\/span>Con la oportunidad de ser parte de este movimiento global en el manejo y conservaci\u00f3n del riego, firmamos inmediatamente para representar a Jeff y su nueva compa\u00f1\u00eda y nos convertimos en el <span class=\"s1\"><b>Distribuidor Original Primario<\/b><\/span> para Deep Root Irrigation, LLC.<\/p>\n<p class=\"p1\" style=\"text-align: justify;\">Con una larga historia de apoyo a los viticultores con sus necesidades de riego y suministro, conocemos de primera mano los numerosos desaf\u00edos que los agricultores tienen que afrontar. Desde el clima hasta las enfermedades, pasando por el trabajo y el agua, sabemos lo importante que es tener un socio que pueda ofrecer soluciones confiables que mejoren la eficiencia, la calidad y el rendimiento de los cultivos y, en \u00faltima instancia, el resultado final. Tambi\u00e9n sabemos que la sostenibilidad y ser buenos administradores de la tierra son primordiales para muchos productores. Es por eso que el sistema DRI es tan beneficioso para todos: m\u00e1s control con menos agua y un equipo de expertos para apoyarlo en cada paso del camino.<\/p>\n<p class=\"p1\" style=\"text-align: justify;\">Now in our 23rd year of serving the agricultural community, we\u2019re excited to bring Deep Root Irrigation\u2019s patented DRI system to growers worldwide under the name of Deep Root Revolution LLC. With over 3,000,000 DRI units now in the ground, the resoundingly positive impact of this paradigm shift in irrigation management is starting to be felt in a meaningful way. Now is the time for YOU to becoming part of this global conservation solution\u2026 by using less water and less fertilizer to grow healthy, thriving plants with less maintenance, and at a significantly lower cost.<\/p>\n<p><span style=\"font-size: 18pt;\"><b>\u00a1\u00danete a la revoluci\u00f3n!<\/b><\/span><\/p>\n<\/div>\n<\/div><\/div><\/div><\/div><div id=\"pgc-806-0-1\"  class=\"panel-grid-cell\" ><div id=\"panel-806-0-1-0\" class=\"so-panel widget widget_sow-editor panel-first-child\" data-index=\"1\" ><div style=\"text-align: left;\" data-title-color=\"#47425d\" data-headings-color=\"#443f3f\" data-title_alignment=\"center\" class=\"panel-widget-style panel-widget-style-for-806-0-1-0\" ><div\n\t\t\t\n\t\t\tclass=\"so-widget-sow-editor so-widget-sow-editor-base\"\n\t\t\t\n\t\t>\n<div class=\"siteorigin-widget-tinymce textwidget\">\n\t<p><img decoding=\"async\" loading=\"lazy\" class=\"aligncenter  wp-image-1187\" src=\"https:\/\/deeprootrevolution.com\/wp-content\/uploads\/2020\/08\/Augusto-DRI-testing.jpg\" alt=\"\" width=\"375\" height=\"500\" srcset=\"https:\/\/deeprootrevolution.com\/wp-content\/uploads\/2020\/08\/Augusto-DRI-testing.jpg 563w, https:\/\/deeprootrevolution.com\/wp-content\/uploads\/2020\/08\/Augusto-DRI-testing-225x300.jpg 225w, https:\/\/deeprootrevolution.com\/wp-content\/uploads\/2020\/08\/Augusto-DRI-testing-230x307.jpg 230w, https:\/\/deeprootrevolution.com\/wp-content\/uploads\/2020\/08\/Augusto-DRI-testing-350x467.jpg 350w, https:\/\/deeprootrevolution.com\/wp-content\/uploads\/2020\/08\/Augusto-DRI-testing-480x640.jpg 480w\" sizes=\"(max-width: 375px) 100vw, 375px\" \/><\/p>\n<\/div>\n<\/div><\/div><\/div><div id=\"panel-806-0-1-1\" class=\"so-panel widget widget_sow-editor panel-last-child\" data-index=\"2\" ><div style=\"text-align: left;\" data-title-color=\"#47425d\" data-headings-color=\"#443f3f\" data-title_alignment=\"center\" class=\"panel-widget-style panel-widget-style-for-806-0-1-1\" ><div\n\t\t\t\n\t\t\tclass=\"so-widget-sow-editor so-widget-sow-editor-base\"\n\t\t\t\n\t\t>\n<div class=\"siteorigin-widget-tinymce textwidget\">\n\t<p><img decoding=\"async\" loading=\"lazy\" class=\"aligncenter  wp-image-1361\" src=\"https:\/\/deeprootrevolution.com\/wp-content\/uploads\/2020\/09\/Don-Wright-and-Doug_V2.jpg\" alt=\"\" width=\"665\" height=\"499\" srcset=\"https:\/\/deeprootrevolution.com\/wp-content\/uploads\/2020\/09\/Don-Wright-and-Doug_V2.jpg 750w, https:\/\/deeprootrevolution.com\/wp-content\/uploads\/2020\/09\/Don-Wright-and-Doug_V2-300x225.jpg 300w, https:\/\/deeprootrevolution.com\/wp-content\/uploads\/2020\/09\/Don-Wright-and-Doug_V2-230x173.jpg 230w, https:\/\/deeprootrevolution.com\/wp-content\/uploads\/2020\/09\/Don-Wright-and-Doug_V2-350x263.jpg 350w, https:\/\/deeprootrevolution.com\/wp-content\/uploads\/2020\/09\/Don-Wright-and-Doug_V2-480x360.jpg 480w\" sizes=\"(max-width: 665px) 100vw, 665px\" \/><\/p>\n<\/div>\n<\/div><\/div><\/div><\/div><\/div><\/div><\/div>","protected":false},"excerpt":{"rendered":"<p>The moment that Jeff Ciudaj, founder and inventor of the Deep Root Irrigation system, walked into our offices with a simple little [&hellip;]<\/p>\n","protected":false},"author":1,"featured_media":0,"parent":0,"menu_order":0,"comment_status":"closed","ping_status":"closed","template":"page-templates\/page_fullwidth.php","meta":{"_coblocks_attr":"","_coblocks_dimensions":"","_coblocks_responsive_height":"","_coblocks_accordion_ie_support":"","_monsterinsights_skip_tracking":false,"_monsterinsights_sitenote_active":false,"_monsterinsights_sitenote_note":"","_monsterinsights_sitenote_category":0},"yoast_head":"<!-- This site is optimized with the Yoast SEO plugin v21.1 - https:\/\/yoast.com\/wordpress\/plugins\/seo\/ -->\n<title>About Deep Root Revolution, Prime Distributor of DRI System<\/title>\n<meta name=\"description\" content=\"Now in our 23rd year of serving the agricultural community, we\u2019re excited to bring Deep Root Irrigation\u2019s patented DRI system to growers worldwide under the name of Deep Root Revolution LLC.\" \/>\n<meta name=\"robots\" content=\"index, follow, max-snippet:-1, max-image-preview:large, max-video-preview:-1\" \/>\n<link rel=\"canonical\" href=\"https:\/\/deeprootrevolution.com\/es\/our-story\/\" \/>\n<meta property=\"og:locale\" content=\"es_MX\" \/>\n<meta property=\"og:type\" content=\"article\" \/>\n<meta property=\"og:title\" content=\"About Deep Root Revolution, Prime Distributor of DRI System\" \/>\n<meta property=\"og:description\" content=\"Now in our 23rd year of serving the agricultural community, we\u2019re excited to bring Deep Root Irrigation\u2019s patented DRI system to growers worldwide under the name of Deep Root Revolution LLC.\" \/>\n<meta property=\"og:url\" content=\"https:\/\/deeprootrevolution.com\/es\/our-story\/\" \/>\n<meta property=\"og:site_name\" content=\"Welcome to the Deep Root Revolution Deep Root Irrigation Systems\" \/>\n<meta property=\"article:modified_time\" content=\"2020-11-15T07:24:19+00:00\" \/>\n<meta property=\"og:image\" content=\"https:\/\/deeprootrevolution.com\/wp-content\/uploads\/2020\/08\/DRI-logo-150x150.png\" \/>\n<meta name=\"twitter:card\" content=\"summary_large_image\" \/>\n<meta name=\"twitter:label1\" content=\"Tiempo de lectura\" \/>\n\t<meta name=\"twitter:data1\" content=\"2 minutos\" \/>\n<script type=\"application\/ld+json\" class=\"yoast-schema-graph\">{\"@context\":\"https:\/\/schema.org\",\"@graph\":[{\"@type\":\"WebPage\",\"@id\":\"https:\/\/deeprootrevolution.com\/our-story\/\",\"url\":\"https:\/\/deeprootrevolution.com\/our-story\/\",\"name\":\"About Deep Root Revolution, Prime Distributor of DRI System\",\"isPartOf\":{\"@id\":\"https:\/\/deeprootrevolution.com\/#website\"},\"datePublished\":\"2020-08-20T13:51:46+00:00\",\"dateModified\":\"2020-11-15T07:24:19+00:00\",\"description\":\"Now in our 23rd year of serving the agricultural community, we\u2019re excited to bring Deep Root Irrigation\u2019s patented DRI system to growers worldwide under the name of Deep Root Revolution LLC.\",\"breadcrumb\":{\"@id\":\"https:\/\/deeprootrevolution.com\/our-story\/#breadcrumb\"},\"inLanguage\":\"es-MX\",\"potentialAction\":[{\"@type\":\"ReadAction\",\"target\":[\"https:\/\/deeprootrevolution.com\/our-story\/\"]}]},{\"@type\":\"BreadcrumbList\",\"@id\":\"https:\/\/deeprootrevolution.com\/our-story\/#breadcrumb\",\"itemListElement\":[{\"@type\":\"ListItem\",\"position\":1,\"name\":\"Home\",\"item\":\"https:\/\/deeprootrevolution.com\/\"},{\"@type\":\"ListItem\",\"position\":2,\"name\":\"Our Story\"}]},{\"@type\":\"WebSite\",\"@id\":\"https:\/\/deeprootrevolution.com\/#website\",\"url\":\"https:\/\/deeprootrevolution.com\/\",\"name\":\"Welcome to the Deep Root Revolution Deep Root Irrigation Systems\",\"description\":\"Join The Revolution\",\"potentialAction\":[{\"@type\":\"SearchAction\",\"target\":{\"@type\":\"EntryPoint\",\"urlTemplate\":\"https:\/\/deeprootrevolution.com\/?s={search_term_string}\"},\"query-input\":\"required name=search_term_string\"}],\"inLanguage\":\"es-MX\"}]}<\/script>\n<!-- \/ Yoast SEO plugin. -->","yoast_head_json":{"title":"About Deep Root Revolution, Prime Distributor of DRI System","description":"Now in our 23rd year of serving the agricultural community, we\u2019re excited to bring Deep Root Irrigation\u2019s patented DRI system to growers worldwide under the name of Deep Root Revolution LLC.","robots":{"index":"index","follow":"follow","max-snippet":"max-snippet:-1","max-image-preview":"max-image-preview:large","max-video-preview":"max-video-preview:-1"},"canonical":"https:\/\/deeprootrevolution.com\/es\/our-story\/","og_locale":"es_MX","og_type":"article","og_title":"About Deep Root Revolution, Prime Distributor of DRI System","og_description":"Now in our 23rd year of serving the agricultural community, we\u2019re excited to bring Deep Root Irrigation\u2019s patented DRI system to growers worldwide under the name of Deep Root Revolution LLC.","og_url":"https:\/\/deeprootrevolution.com\/es\/our-story\/","og_site_name":"Welcome to the Deep Root Revolution Deep Root Irrigation Systems","article_modified_time":"2020-11-15T07:24:19+00:00","og_image":[{"url":"https:\/\/deeprootrevolution.com\/wp-content\/uploads\/2020\/08\/DRI-logo-150x150.png"}],"twitter_card":"summary_large_image","twitter_misc":{"Tiempo de lectura":"2 minutos"},"schema":{"@context":"https:\/\/schema.org","@graph":[{"@type":"WebPage","@id":"https:\/\/deeprootrevolution.com\/our-story\/","url":"https:\/\/deeprootrevolution.com\/our-story\/","name":"About Deep Root Revolution, Prime Distributor of DRI System","isPartOf":{"@id":"https:\/\/deeprootrevolution.com\/#website"},"datePublished":"2020-08-20T13:51:46+00:00","dateModified":"2020-11-15T07:24:19+00:00","description":"Now in our 23rd year of serving the agricultural community, we\u2019re excited to bring Deep Root Irrigation\u2019s patented DRI system to growers worldwide under the name of Deep Root Revolution LLC.","breadcrumb":{"@id":"https:\/\/deeprootrevolution.com\/our-story\/#breadcrumb"},"inLanguage":"es-MX","potentialAction":[{"@type":"ReadAction","target":["https:\/\/deeprootrevolution.com\/our-story\/"]}]},{"@type":"BreadcrumbList","@id":"https:\/\/deeprootrevolution.com\/our-story\/#breadcrumb","itemListElement":[{"@type":"ListItem","position":1,"name":"Home","item":"https:\/\/deeprootrevolution.com\/"},{"@type":"ListItem","position":2,"name":"Our Story"}]},{"@type":"WebSite","@id":"https:\/\/deeprootrevolution.com\/#website","url":"https:\/\/deeprootrevolution.com\/","name":"Bienvenido a Deep Root Revolution Sistemas de riego de ra\u00edces profundas","description":"\u00danete a la revoluci\u00f3n","potentialAction":[{"@type":"SearchAction","target":{"@type":"EntryPoint","urlTemplate":"https:\/\/deeprootrevolution.com\/?s={search_term_string}"},"query-input":"required name=search_term_string"}],"inLanguage":"es-MX"}]}},"_links":{"self":[{"href":"https:\/\/deeprootrevolution.com\/es\/wp-json\/wp\/v2\/pages\/806"}],"collection":[{"href":"https:\/\/deeprootrevolution.com\/es\/wp-json\/wp\/v2\/pages"}],"about":[{"href":"https:\/\/deeprootrevolution.com\/es\/wp-json\/wp\/v2\/types\/page"}],"author":[{"embeddable":true,"href":"https:\/\/deeprootrevolution.com\/es\/wp-json\/wp\/v2\/users\/1"}],"replies":[{"embeddable":true,"href":"https:\/\/deeprootrevolution.com\/es\/wp-json\/wp\/v2\/comments?post=806"}],"version-history":[{"count":26,"href":"https:\/\/deeprootrevolution.com\/es\/wp-json\/wp\/v2\/pages\/806\/revisions"}],"predecessor-version":[{"id":1393,"href":"https:\/\/deeprootrevolution.com\/es\/wp-json\/wp\/v2\/pages\/806\/revisions\/1393"}],"wp:attachment":[{"href":"https:\/\/deeprootrevolution.com\/es\/wp-json\/wp\/v2\/media?parent=806"}],"curies":[{"name":"wp","href":"https:\/\/api.w.org\/{rel}","templated":true}]}}