{"id":495,"date":"2020-07-10T13:22:24","date_gmt":"2020-07-10T13:22:24","guid":{"rendered":"https:\/\/deeprootrevolution.com\/?page_id=495"},"modified":"2021-06-10T16:43:02","modified_gmt":"2021-06-10T16:43:02","slug":"video","status":"publish","type":"page","link":"https:\/\/deeprootrevolution.com\/es\/video\/","title":{"rendered":"V\u00eddeo"},"content":{"rendered":"<div id=\"pl-495\"  class=\"panel-layout\" ><div id=\"pg-495-0\"  class=\"panel-grid panel-has-style\" ><div class=\"siteorigin-panels-stretch panel-row-style panel-row-style-for-495-0\" style=\"padding: 100px 0; \" data-stretch-type=\"full\" data-overlay=\"true\" data-overlay-color=\"#000000\" ><div id=\"pgc-495-0-0\"  class=\"panel-grid-cell\" ><div class=\"panel-cell-style panel-cell-style-for-495-0-0\" ><div id=\"panel-495-0-0-0\" class=\"so-panel widget widget_sow-editor panel-first-child\" data-index=\"0\" ><div style=\"text-align: left;\" data-title-color=\"#47425d\" data-headings-color=\"#443f3f\" data-title_alignment=\"center\" class=\"panel-widget-style panel-widget-style-for-495-0-0-0\" ><div\n\t\t\t\n\t\t\tclass=\"so-widget-sow-editor so-widget-sow-editor-base\"\n\t\t\t\n\t\t>\n<div class=\"siteorigin-widget-tinymce textwidget\">\n\t<p style=\"text-align: center;\"><strong><span style=\"font-size: 18pt;\">Instalaci\u00f3n<\/span><\/strong><\/p>\n<p style=\"text-align: center;\"><strong>\u00a1Pr\u00f3ximamente videos actualizados!<\/strong><\/p>\n<\/div>\n<\/div><\/div><\/div><div id=\"panel-495-0-0-1\" class=\"so-panel widget widget_sow-video\" data-index=\"1\" ><div style=\"text-align: left;\" data-title-color=\"#47425d\" data-headings-color=\"#443f3f\" data-title_alignment=\"center\" class=\"panel-widget-style panel-widget-style-for-495-0-0-1\" ><div\n\t\t\t\n\t\t\tclass=\"so-widget-sow-video so-widget-sow-video-default-c08170c47cfb-495\"\n\t\t\t\n\t\t>\n<div class=\"sow-video-wrapper\">\n\t\t\t\t<\/div>\n<\/div><\/div><\/div><div id=\"panel-495-0-0-2\" class=\"so-panel widget widget_sow-editor\" data-index=\"2\" ><div style=\"text-align: left;\" data-title-color=\"#47425d\" data-headings-color=\"#443f3f\" data-title_alignment=\"center\" class=\"panel-widget-style panel-widget-style-for-495-0-0-2\" ><div\n\t\t\t\n\t\t\tclass=\"so-widget-sow-editor so-widget-sow-editor-base\"\n\t\t\t\n\t\t>\n<div class=\"siteorigin-widget-tinymce textwidget\">\n\t<hr \/>\n<p>&nbsp;<\/p>\n<\/div>\n<\/div><\/div><\/div><div id=\"panel-495-0-0-3\" class=\"so-panel widget widget_sow-video\" data-index=\"3\" ><div style=\"text-align: left;\" data-title-color=\"#47425d\" data-headings-color=\"#443f3f\" data-title_alignment=\"center\" class=\"panel-widget-style panel-widget-style-for-495-0-0-3\" ><div\n\t\t\t\n\t\t\tclass=\"so-widget-sow-video so-widget-sow-video-default-c08170c47cfb-495\"\n\t\t\t\n\t\t>\n<div class=\"sow-video-wrapper\">\n\t\t\t\t<\/div>\n<\/div><\/div><\/div><div id=\"panel-495-0-0-4\" class=\"so-panel widget widget_sow-editor\" data-index=\"4\" ><div style=\"text-align: left;\" data-title-color=\"#47425d\" data-headings-color=\"#443f3f\" data-title_alignment=\"center\" class=\"panel-widget-style panel-widget-style-for-495-0-0-4\" ><div\n\t\t\t\n\t\t\tclass=\"so-widget-sow-editor so-widget-sow-editor-base\"\n\t\t\t\n\t\t>\n<div class=\"siteorigin-widget-tinymce textwidget\">\n\t<hr \/>\n<p>&nbsp;<\/p>\n<\/div>\n<\/div><\/div><\/div><div id=\"panel-495-0-0-5\" class=\"so-panel widget widget_sow-video\" data-index=\"5\" ><div style=\"text-align: left;\" data-title-color=\"#47425d\" data-headings-color=\"#443f3f\" data-title_alignment=\"center\" class=\"panel-widget-style panel-widget-style-for-495-0-0-5\" ><div\n\t\t\t\n\t\t\tclass=\"so-widget-sow-video so-widget-sow-video-default-c08170c47cfb-495\"\n\t\t\t\n\t\t>\n<div class=\"sow-video-wrapper\">\n\t\t\t\t<\/div>\n<\/div><\/div><\/div><div id=\"panel-495-0-0-6\" class=\"so-panel widget widget_sow-editor panel-last-child\" data-index=\"6\" ><div style=\"text-align: left;\" data-title-color=\"#47425d\" data-headings-color=\"#443f3f\" data-title_alignment=\"center\" class=\"panel-widget-style panel-widget-style-for-495-0-0-6\" ><div\n\t\t\t\n\t\t\tclass=\"so-widget-sow-editor so-widget-sow-editor-base\"\n\t\t\t\n\t\t>\n<div class=\"siteorigin-widget-tinymce textwidget\">\n\t<hr \/>\n<p>&nbsp;<\/p>\n<\/div>\n<\/div><\/div><\/div><\/div><\/div><div id=\"pgc-495-0-1\"  class=\"panel-grid-cell\" ><div class=\"panel-cell-style panel-cell-style-for-495-0-1\" ><div id=\"panel-495-0-1-0\" class=\"so-panel widget widget_sow-editor panel-first-child\" data-index=\"7\" ><div style=\"text-align: left;\" data-title-color=\"#47425d\" data-headings-color=\"#443f3f\" data-title_alignment=\"center\" class=\"panel-widget-style panel-widget-style-for-495-0-1-0\" ><div\n\t\t\t\n\t\t\tclass=\"so-widget-sow-editor so-widget-sow-editor-base\"\n\t\t\t\n\t\t>\n<div class=\"siteorigin-widget-tinymce textwidget\">\n\t<p style=\"text-align: center;\"><span style=\"font-size: 18pt;\"><strong>Testimonial<\/strong><\/span><\/p>\n<\/div>\n<\/div><\/div><\/div><div id=\"panel-495-0-1-1\" class=\"so-panel widget widget_sow-video\" data-index=\"8\" ><div style=\"text-align: left;\" data-title-color=\"#47425d\" data-headings-color=\"#443f3f\" data-title_alignment=\"center\" class=\"panel-widget-style panel-widget-style-for-495-0-1-1\" ><div\n\t\t\t\n\t\t\tclass=\"so-widget-sow-video so-widget-sow-video-default-c08170c47cfb-495\"\n\t\t\t\n\t\t>\n<div class=\"sow-video-wrapper\">\n\t\t\t\t<\/div>\n<\/div><\/div><\/div><div id=\"panel-495-0-1-2\" class=\"so-panel widget widget_sow-editor\" data-index=\"9\" ><div style=\"text-align: left;\" data-title-color=\"#47425d\" data-headings-color=\"#443f3f\" data-title_alignment=\"center\" class=\"panel-widget-style panel-widget-style-for-495-0-1-2\" ><div\n\t\t\t\n\t\t\tclass=\"so-widget-sow-editor so-widget-sow-editor-base\"\n\t\t\t\n\t\t>\n<div class=\"siteorigin-widget-tinymce textwidget\">\n\t<hr \/>\n<p>&nbsp;<\/p>\n<\/div>\n<\/div><\/div><\/div><div id=\"panel-495-0-1-3\" class=\"so-panel widget widget_sow-video\" data-index=\"10\" ><div style=\"text-align: left;\" data-title-color=\"#47425d\" data-headings-color=\"#443f3f\" data-title_alignment=\"center\" class=\"panel-widget-style panel-widget-style-for-495-0-1-3\" ><div\n\t\t\t\n\t\t\tclass=\"so-widget-sow-video so-widget-sow-video-default-c08170c47cfb-495\"\n\t\t\t\n\t\t>\n<div class=\"sow-video-wrapper\">\n\t\t\t\t<\/div>\n<\/div><\/div><\/div><div id=\"panel-495-0-1-4\" class=\"so-panel widget widget_sow-editor\" data-index=\"11\" ><div style=\"text-align: left;\" data-title-color=\"#47425d\" data-headings-color=\"#443f3f\" data-title_alignment=\"center\" class=\"panel-widget-style panel-widget-style-for-495-0-1-4\" ><div\n\t\t\t\n\t\t\tclass=\"so-widget-sow-editor so-widget-sow-editor-base\"\n\t\t\t\n\t\t>\n<div class=\"siteorigin-widget-tinymce textwidget\">\n\t<hr \/>\n<p>&nbsp;<\/p>\n<\/div>\n<\/div><\/div><\/div><div id=\"panel-495-0-1-5\" class=\"so-panel widget widget_sow-video\" data-index=\"12\" ><div style=\"text-align: left;\" data-title-color=\"#47425d\" data-headings-color=\"#443f3f\" data-title_alignment=\"center\" class=\"panel-widget-style panel-widget-style-for-495-0-1-5\" ><div\n\t\t\t\n\t\t\tclass=\"so-widget-sow-video so-widget-sow-video-default-c08170c47cfb-495\"\n\t\t\t\n\t\t>\n<div class=\"sow-video-wrapper\">\n\t\t\t\t<\/div>\n<\/div><\/div><\/div><div id=\"panel-495-0-1-6\" class=\"so-panel widget widget_sow-editor\" data-index=\"13\" ><div style=\"text-align: left;\" data-title-color=\"#47425d\" data-headings-color=\"#443f3f\" data-title_alignment=\"center\" class=\"panel-widget-style panel-widget-style-for-495-0-1-6\" ><div\n\t\t\t\n\t\t\tclass=\"so-widget-sow-editor so-widget-sow-editor-base\"\n\t\t\t\n\t\t>\n<div class=\"siteorigin-widget-tinymce textwidget\">\n\t<hr \/>\n<p>&nbsp;<\/p>\n<\/div>\n<\/div><\/div><\/div><div id=\"panel-495-0-1-7\" class=\"so-panel widget widget_sow-video\" data-index=\"14\" ><div style=\"text-align: left;\" data-title-color=\"#47425d\" data-headings-color=\"#443f3f\" data-title_alignment=\"center\" class=\"panel-widget-style panel-widget-style-for-495-0-1-7\" ><div\n\t\t\t\n\t\t\tclass=\"so-widget-sow-video so-widget-sow-video-default-c08170c47cfb-495\"\n\t\t\t\n\t\t>\n<div class=\"sow-video-wrapper\">\n\t\t\t\t<\/div>\n<\/div><\/div><\/div><div id=\"panel-495-0-1-8\" class=\"so-panel widget widget_sow-editor\" data-index=\"15\" ><div style=\"text-align: left;\" data-title-color=\"#47425d\" data-headings-color=\"#443f3f\" data-title_alignment=\"center\" class=\"panel-widget-style panel-widget-style-for-495-0-1-8\" ><div\n\t\t\t\n\t\t\tclass=\"so-widget-sow-editor so-widget-sow-editor-base\"\n\t\t\t\n\t\t>\n<div class=\"siteorigin-widget-tinymce textwidget\">\n\t<hr \/>\n<p>&nbsp;<\/p>\n<\/div>\n<\/div><\/div><\/div><div id=\"panel-495-0-1-9\" class=\"so-panel widget widget_sow-video\" data-index=\"16\" ><div style=\"text-align: left;\" data-title-color=\"#47425d\" data-headings-color=\"#443f3f\" data-title_alignment=\"center\" class=\"panel-widget-style panel-widget-style-for-495-0-1-9\" ><div\n\t\t\t\n\t\t\tclass=\"so-widget-sow-video so-widget-sow-video-default-c08170c47cfb-495\"\n\t\t\t\n\t\t>\n<div class=\"sow-video-wrapper\">\n\t\t\t\t<\/div>\n<\/div><\/div><\/div><div id=\"panel-495-0-1-10\" class=\"so-panel widget widget_sow-editor\" data-index=\"17\" ><div style=\"text-align: left;\" data-title-color=\"#47425d\" data-headings-color=\"#443f3f\" data-title_alignment=\"center\" class=\"panel-widget-style panel-widget-style-for-495-0-1-10\" ><div\n\t\t\t\n\t\t\tclass=\"so-widget-sow-editor so-widget-sow-editor-base\"\n\t\t\t\n\t\t>\n<div class=\"siteorigin-widget-tinymce textwidget\">\n\t<hr \/>\n<p>&nbsp;<\/p>\n<\/div>\n<\/div><\/div><\/div><div id=\"panel-495-0-1-11\" class=\"so-panel widget widget_sow-video\" data-index=\"18\" ><div style=\"text-align: left;\" data-title-color=\"#47425d\" data-headings-color=\"#443f3f\" data-title_alignment=\"center\" class=\"panel-widget-style panel-widget-style-for-495-0-1-11\" ><div\n\t\t\t\n\t\t\tclass=\"so-widget-sow-video so-widget-sow-video-default-c08170c47cfb-495\"\n\t\t\t\n\t\t>\n<div class=\"sow-video-wrapper\">\n\t\t\t\t<\/div>\n<\/div><\/div><\/div><div id=\"panel-495-0-1-12\" class=\"so-panel widget widget_sow-editor\" data-index=\"19\" ><div style=\"text-align: left;\" data-title-color=\"#47425d\" data-headings-color=\"#443f3f\" data-title_alignment=\"center\" class=\"panel-widget-style panel-widget-style-for-495-0-1-12\" ><div\n\t\t\t\n\t\t\tclass=\"so-widget-sow-editor so-widget-sow-editor-base\"\n\t\t\t\n\t\t>\n<div class=\"siteorigin-widget-tinymce textwidget\">\n\t<hr \/>\n<p>&nbsp;<\/p>\n<\/div>\n<\/div><\/div><\/div><div id=\"panel-495-0-1-13\" class=\"so-panel widget widget_sow-editor\" data-index=\"20\" ><div style=\"text-align: left;\" data-title-color=\"#47425d\" data-headings-color=\"#443f3f\" data-title_alignment=\"center\" class=\"panel-widget-style panel-widget-style-for-495-0-1-13\" ><div\n\t\t\t\n\t\t\tclass=\"so-widget-sow-editor so-widget-sow-editor-base\"\n\t\t\t\n\t\t>\n<div class=\"siteorigin-widget-tinymce textwidget\">\n\t<p style=\"text-align: center;\"><strong>Escuche a J Lohr sobre DRI<\/strong><\/p>\n<p style=\"text-align: center;\"><div class=\"su-audio\" data-id=\"su_audio_player_69e6d2cbe0ac7\" data-audio=\"https:\/\/deeprootrevolution.com\/wp-content\/uploads\/2020\/09\/J-Lohr-regarding-DRI.mp3\" data-swf=\"https:\/\/deeprootrevolution.com\/wp-content\/plugins\/shortcodes-ultimate\/vendor\/jplayer\/jplayer.swf\" data-autoplay=\"no\" data-loop=\"no\" style=\"\"><div id=\"su_audio_player_69e6d2cbe0ac7\" class=\"jp-jplayer\"><\/div><div id=\"su_audio_player_69e6d2cbe0ac7_container\" class=\"jp-audio\"><div class=\"jp-type-single\"><div class=\"jp-gui jp-interface\"><div class=\"jp-controls\"><span class=\"jp-play\"><\/span><span class=\"jp-pause\"><\/span><span class=\"jp-stop\"><\/span><span class=\"jp-mute\"><\/span><span class=\"jp-unmute\"><\/span><span class=\"jp-volume-max\"><\/span><\/div><div class=\"jp-progress\"><div class=\"jp-seek-bar\"><div class=\"jp-play-bar\"><\/div><\/div><\/div><div class=\"jp-volume-bar\"><div class=\"jp-volume-bar-value\"><\/div><\/div><div class=\"jp-current-time\"><\/div><div class=\"jp-duration\"><\/div><\/div><div class=\"jp-title\"><\/div><\/div><\/div><\/div><\/p>\n<\/div>\n<\/div><\/div><\/div><div id=\"panel-495-0-1-14\" class=\"so-panel widget widget_sow-editor\" data-index=\"21\" ><div style=\"text-align: left;\" data-title-color=\"#47425d\" data-headings-color=\"#443f3f\" data-title_alignment=\"center\" class=\"panel-widget-style panel-widget-style-for-495-0-1-14\" ><div\n\t\t\t\n\t\t\tclass=\"so-widget-sow-editor so-widget-sow-editor-base\"\n\t\t\t\n\t\t>\n<div class=\"siteorigin-widget-tinymce textwidget\">\n\t<hr \/>\n<p>&nbsp;<\/p>\n<\/div>\n<\/div><\/div><\/div><div id=\"panel-495-0-1-15\" class=\"so-panel widget widget_sow-editor panel-last-child\" data-index=\"22\" ><div style=\"text-align: left;\" data-title-color=\"#47425d\" data-headings-color=\"#443f3f\" data-title_alignment=\"center\" class=\"panel-widget-style panel-widget-style-for-495-0-1-15\" ><div\n\t\t\t\n\t\t\tclass=\"so-widget-sow-editor so-widget-sow-editor-base\"\n\t\t\t\n\t\t>\n<div class=\"siteorigin-widget-tinymce textwidget\">\n\t<p style=\"text-align: center;\"><strong>Escuche a Stephen Guzman sobre DRI<\/strong><\/p>\n<p style=\"text-align: center;\"><div class=\"su-audio\" data-id=\"su_audio_player_69e6d2cbe0d03\" data-audio=\"https:\/\/deeprootrevolution.com\/wp-content\/uploads\/2020\/09\/Guzman-audio.mp3\" data-swf=\"https:\/\/deeprootrevolution.com\/wp-content\/plugins\/shortcodes-ultimate\/vendor\/jplayer\/jplayer.swf\" data-autoplay=\"no\" data-loop=\"no\" style=\"\"><div id=\"su_audio_player_69e6d2cbe0d03\" class=\"jp-jplayer\"><\/div><div id=\"su_audio_player_69e6d2cbe0d03_container\" class=\"jp-audio\"><div class=\"jp-type-single\"><div class=\"jp-gui jp-interface\"><div class=\"jp-controls\"><span class=\"jp-play\"><\/span><span class=\"jp-pause\"><\/span><span class=\"jp-stop\"><\/span><span class=\"jp-mute\"><\/span><span class=\"jp-unmute\"><\/span><span class=\"jp-volume-max\"><\/span><\/div><div class=\"jp-progress\"><div class=\"jp-seek-bar\"><div class=\"jp-play-bar\"><\/div><\/div><\/div><div class=\"jp-volume-bar\"><div class=\"jp-volume-bar-value\"><\/div><\/div><div class=\"jp-current-time\"><\/div><div class=\"jp-duration\"><\/div><\/div><div class=\"jp-title\"><\/div><\/div><\/div><\/div><\/p>\n<\/div>\n<\/div><\/div><\/div><\/div><\/div><div id=\"pgc-495-0-2\"  class=\"panel-grid-cell\" ><div class=\"panel-cell-style panel-cell-style-for-495-0-2\" ><div id=\"panel-495-0-2-0\" class=\"so-panel widget widget_sow-editor panel-first-child\" data-index=\"23\" ><div style=\"text-align: left;\" data-title-color=\"#47425d\" data-headings-color=\"#443f3f\" data-title_alignment=\"center\" class=\"panel-widget-style panel-widget-style-for-495-0-2-0\" ><div\n\t\t\t\n\t\t\tclass=\"so-widget-sow-editor so-widget-sow-editor-base\"\n\t\t\t\n\t\t>\n<div class=\"siteorigin-widget-tinymce textwidget\">\n\t<p style=\"text-align: center;\"><span style=\"font-size: 18pt;\"><strong>Consejos r\u00e1pidos<\/strong><\/span><\/p>\n<\/div>\n<\/div><\/div><\/div><div id=\"panel-495-0-2-1\" class=\"so-panel widget widget_sow-video\" data-index=\"24\" ><div style=\"text-align: left;\" data-title-color=\"#47425d\" data-headings-color=\"#443f3f\" data-title_alignment=\"center\" class=\"panel-widget-style panel-widget-style-for-495-0-2-1\" ><div\n\t\t\t\n\t\t\tclass=\"so-widget-sow-video so-widget-sow-video-default-c08170c47cfb-495\"\n\t\t\t\n\t\t>\n<div class=\"sow-video-wrapper\">\n\t\t\t\t<\/div>\n<\/div><\/div><\/div><div id=\"panel-495-0-2-2\" class=\"so-panel widget widget_sow-editor panel-last-child\" data-index=\"25\" ><div style=\"text-align: left;\" data-title-color=\"#47425d\" data-headings-color=\"#443f3f\" data-title_alignment=\"center\" class=\"panel-widget-style panel-widget-style-for-495-0-2-2\" ><div\n\t\t\t\n\t\t\tclass=\"so-widget-sow-editor so-widget-sow-editor-base\"\n\t\t\t\n\t\t>\n<div class=\"siteorigin-widget-tinymce textwidget\">\n\t<hr \/>\n<p>&nbsp;<\/p>\n<\/div>\n<\/div><\/div><\/div><\/div><\/div><\/div><\/div><\/div>","protected":false},"excerpt":{"rendered":"<p>\u00a1V\u00eddeos actualizados de instalaci\u00f3n pr\u00f3ximamente! Testimonio Escuche a J Lohr sobre DRI &nbsp;<\/p>","protected":false},"author":1,"featured_media":0,"parent":0,"menu_order":0,"comment_status":"closed","ping_status":"closed","template":"page-templates\/page_fullwidth.php","meta":{"_coblocks_attr":"","_coblocks_dimensions":"","_coblocks_responsive_height":"","_coblocks_accordion_ie_support":"","_monsterinsights_skip_tracking":false,"_monsterinsights_sitenote_active":false,"_monsterinsights_sitenote_note":"","_monsterinsights_sitenote_category":0},"yoast_head":"<!-- This site is optimized with the Yoast SEO plugin v21.1 - https:\/\/yoast.com\/wordpress\/plugins\/seo\/ -->\n<title>Deep Root Irrigation Videos &amp; Tips | Deep Root Revolution<\/title>\n<meta name=\"description\" content=\"From how-tos to video testimonials, learn more about DRI and why our Deep Root Irrigation system is superior for permanent crops.\" \/>\n<meta name=\"robots\" content=\"index, follow, max-snippet:-1, max-image-preview:large, max-video-preview:-1\" \/>\n<link rel=\"canonical\" href=\"https:\/\/deeprootrevolution.com\/es\/video\/\" \/>\n<meta property=\"og:locale\" content=\"es_MX\" \/>\n<meta property=\"og:type\" content=\"article\" \/>\n<meta property=\"og:title\" content=\"Deep Root Irrigation Videos &amp; Tips | Deep Root Revolution\" \/>\n<meta property=\"og:description\" content=\"From how-tos to video testimonials, learn more about DRI and why our Deep Root Irrigation system is superior for permanent crops.\" \/>\n<meta property=\"og:url\" content=\"https:\/\/deeprootrevolution.com\/es\/video\/\" \/>\n<meta property=\"og:site_name\" content=\"Welcome to the Deep Root Revolution Deep Root Irrigation Systems\" \/>\n<meta property=\"article:modified_time\" content=\"2021-06-10T16:43:02+00:00\" \/>\n<meta name=\"twitter:card\" content=\"summary_large_image\" \/>\n<meta name=\"twitter:label1\" content=\"Tiempo de lectura\" \/>\n\t<meta name=\"twitter:data1\" content=\"1 minuto\" \/>\n<script type=\"application\/ld+json\" class=\"yoast-schema-graph\">{\"@context\":\"https:\/\/schema.org\",\"@graph\":[{\"@type\":\"WebPage\",\"@id\":\"https:\/\/deeprootrevolution.com\/video\/\",\"url\":\"https:\/\/deeprootrevolution.com\/video\/\",\"name\":\"Deep Root Irrigation Videos & Tips | Deep Root Revolution\",\"isPartOf\":{\"@id\":\"https:\/\/deeprootrevolution.com\/#website\"},\"datePublished\":\"2020-07-10T13:22:24+00:00\",\"dateModified\":\"2021-06-10T16:43:02+00:00\",\"description\":\"From how-tos to video testimonials, learn more about DRI and why our Deep Root Irrigation system is superior for permanent crops.\",\"breadcrumb\":{\"@id\":\"https:\/\/deeprootrevolution.com\/video\/#breadcrumb\"},\"inLanguage\":\"es-MX\",\"potentialAction\":[{\"@type\":\"ReadAction\",\"target\":[\"https:\/\/deeprootrevolution.com\/video\/\"]}]},{\"@type\":\"BreadcrumbList\",\"@id\":\"https:\/\/deeprootrevolution.com\/video\/#breadcrumb\",\"itemListElement\":[{\"@type\":\"ListItem\",\"position\":1,\"name\":\"Home\",\"item\":\"https:\/\/deeprootrevolution.com\/\"},{\"@type\":\"ListItem\",\"position\":2,\"name\":\"Video\"}]},{\"@type\":\"WebSite\",\"@id\":\"https:\/\/deeprootrevolution.com\/#website\",\"url\":\"https:\/\/deeprootrevolution.com\/\",\"name\":\"Welcome to the Deep Root Revolution Deep Root Irrigation Systems\",\"description\":\"Join The Revolution\",\"potentialAction\":[{\"@type\":\"SearchAction\",\"target\":{\"@type\":\"EntryPoint\",\"urlTemplate\":\"https:\/\/deeprootrevolution.com\/?s={search_term_string}\"},\"query-input\":\"required name=search_term_string\"}],\"inLanguage\":\"es-MX\"}]}<\/script>\n<!-- \/ Yoast SEO plugin. -->","yoast_head_json":{"title":"Deep Root Irrigation Videos & Tips | Deep Root Revolution","description":"From how-tos to video testimonials, learn more about DRI and why our Deep Root Irrigation system is superior for permanent crops.","robots":{"index":"index","follow":"follow","max-snippet":"max-snippet:-1","max-image-preview":"max-image-preview:large","max-video-preview":"max-video-preview:-1"},"canonical":"https:\/\/deeprootrevolution.com\/es\/video\/","og_locale":"es_MX","og_type":"article","og_title":"Deep Root Irrigation Videos & Tips | Deep Root Revolution","og_description":"From how-tos to video testimonials, learn more about DRI and why our Deep Root Irrigation system is superior for permanent crops.","og_url":"https:\/\/deeprootrevolution.com\/es\/video\/","og_site_name":"Welcome to the Deep Root Revolution Deep Root Irrigation Systems","article_modified_time":"2021-06-10T16:43:02+00:00","twitter_card":"summary_large_image","twitter_misc":{"Tiempo de lectura":"1 minuto"},"schema":{"@context":"https:\/\/schema.org","@graph":[{"@type":"WebPage","@id":"https:\/\/deeprootrevolution.com\/video\/","url":"https:\/\/deeprootrevolution.com\/video\/","name":"Deep Root Irrigation Videos & Tips | Deep Root Revolution","isPartOf":{"@id":"https:\/\/deeprootrevolution.com\/#website"},"datePublished":"2020-07-10T13:22:24+00:00","dateModified":"2021-06-10T16:43:02+00:00","description":"From how-tos to video testimonials, learn more about DRI and why our Deep Root Irrigation system is superior for permanent crops.","breadcrumb":{"@id":"https:\/\/deeprootrevolution.com\/video\/#breadcrumb"},"inLanguage":"es-MX","potentialAction":[{"@type":"ReadAction","target":["https:\/\/deeprootrevolution.com\/video\/"]}]},{"@type":"BreadcrumbList","@id":"https:\/\/deeprootrevolution.com\/video\/#breadcrumb","itemListElement":[{"@type":"ListItem","position":1,"name":"Home","item":"https:\/\/deeprootrevolution.com\/"},{"@type":"ListItem","position":2,"name":"Video"}]},{"@type":"WebSite","@id":"https:\/\/deeprootrevolution.com\/#website","url":"https:\/\/deeprootrevolution.com\/","name":"Bienvenido a Deep Root Revolution Sistemas de riego de ra\u00edces profundas","description":"\u00danete a la revoluci\u00f3n","potentialAction":[{"@type":"SearchAction","target":{"@type":"EntryPoint","urlTemplate":"https:\/\/deeprootrevolution.com\/?s={search_term_string}"},"query-input":"required name=search_term_string"}],"inLanguage":"es-MX"}]}},"_links":{"self":[{"href":"https:\/\/deeprootrevolution.com\/es\/wp-json\/wp\/v2\/pages\/495"}],"collection":[{"href":"https:\/\/deeprootrevolution.com\/es\/wp-json\/wp\/v2\/pages"}],"about":[{"href":"https:\/\/deeprootrevolution.com\/es\/wp-json\/wp\/v2\/types\/page"}],"author":[{"embeddable":true,"href":"https:\/\/deeprootrevolution.com\/es\/wp-json\/wp\/v2\/users\/1"}],"replies":[{"embeddable":true,"href":"https:\/\/deeprootrevolution.com\/es\/wp-json\/wp\/v2\/comments?post=495"}],"version-history":[{"count":81,"href":"https:\/\/deeprootrevolution.com\/es\/wp-json\/wp\/v2\/pages\/495\/revisions"}],"predecessor-version":[{"id":1405,"href":"https:\/\/deeprootrevolution.com\/es\/wp-json\/wp\/v2\/pages\/495\/revisions\/1405"}],"wp:attachment":[{"href":"https:\/\/deeprootrevolution.com\/es\/wp-json\/wp\/v2\/media?parent=495"}],"curies":[{"name":"wp","href":"https:\/\/api.w.org\/{rel}","templated":true}]}}