{"id":486,"date":"2020-07-10T13:05:20","date_gmt":"2020-07-10T13:05:20","guid":{"rendered":"https:\/\/deeprootrevolution.com\/?page_id=486"},"modified":"2020-07-22T16:57:47","modified_gmt":"2020-07-22T16:57:47","slug":"portfolio","status":"publish","type":"page","link":"https:\/\/deeprootrevolution.com\/es\/portfolio\/","title":{"rendered":"portafolio"},"content":{"rendered":"<div id=\"pl-486\"  class=\"panel-layout\" ><div id=\"pg-486-0\"  class=\"panel-grid panel-has-style\" ><div style=\"padding: 100px 0; \" data-overlay=\"true\" class=\"panel-row-style panel-row-style-for-486-0\" ><div id=\"pgc-486-0-0\"  class=\"panel-grid-cell\" ><div id=\"panel-486-0-0-0\" class=\"so-panel widget widget_sow-image-grid panel-first-child panel-last-child\" data-index=\"0\" ><div\n\t\t\t\n\t\t\tclass=\"so-widget-sow-image-grid so-widget-sow-image-grid-default-3fbf13dff59f-486\"\n\t\t\t data-overlay-enabled=\"1\" data-overlay-settings=\"{&quot;enabled_for_widgets&quot;:[&quot;sow-image&quot;,&quot;sow-image-grid&quot;,&quot;sow-simple-masonry&quot;],&quot;show_delay&quot;:300,&quot;overlay_color&quot;:&quot;#FFFFFF&quot;,&quot;overlay_opacity&quot;:&quot;0.8&quot;,&quot;overlay_position&quot;:&quot;bottom&quot;,&quot;overlay_size&quot;:0.299999999999999988897769753748434595763683319091796875,&quot;desktop_show_trigger&quot;:&quot;hover&quot;,&quot;touch_show_trigger&quot;:&quot;touch&quot;,&quot;overlay_animation&quot;:&quot;fade&quot;,&quot;font_family&quot;:&quot;default&quot;,&quot;text_size&quot;:&quot;15px&quot;,&quot;text_size_unit&quot;:&quot;px&quot;,&quot;text_color&quot;:&quot;#000000&quot;,&quot;text_padding&quot;:&quot;22px 22px 22px 22px&quot;,&quot;text_position&quot;:&quot;middle&quot;,&quot;text_align&quot;:&quot;left&quot;,&quot;text_animation&quot;:&quot;slide_left&quot;,&quot;theme&quot;:&quot;&quot;,&quot;responsive_breakpoint&quot;:&quot;1024px&quot;,&quot;responsive_breakpoint_unit&quot;:&quot;px&quot;,&quot;overlay_animation_onscreen&quot;:false,&quot;font&quot;:{&quot;family&quot;:&quot;default&quot;}}\"\n\t\t>\t<div\n\t\tclass=\"sow-image-grid-wrapper\"\n\t\t\t\t\t>\n\t\t\t\t\t<div class=\"sow-image-grid-image\">\n\t\t\t\t\t\t\t\t\t\t\t\t\t<a href=\"#\"\n\t\t\t\t\t\t\t\t\t\t\t\t\t\t\t\t\t\ttarget=\"_blank\" \t\t\t\t\t\t\t\t\t\t\t\t\t\t\t\t\t\t\t\t\t\t\t\trel=\"noopener noreferrer\" \t\t\t\t\t\t\t\t\t\t\t>\n\t\t\t\t\t\t\t\t<img width=\"300\" height=\"225\" src=\"https:\/\/deeprootrevolution.com\/wp-content\/uploads\/2020\/07\/portfolio3-300x225.jpg\" class=\"sow-image-grid-image_html\" alt=\"\" decoding=\"async\" loading=\"lazy\" title=\"DRI Almond Grove Pre Installation\" srcset=\"https:\/\/deeprootrevolution.com\/wp-content\/uploads\/2020\/07\/portfolio3-300x225.jpg 300w, https:\/\/deeprootrevolution.com\/wp-content\/uploads\/2020\/07\/portfolio3-1024x768.jpg 1024w, https:\/\/deeprootrevolution.com\/wp-content\/uploads\/2020\/07\/portfolio3-768x576.jpg 768w, https:\/\/deeprootrevolution.com\/wp-content\/uploads\/2020\/07\/portfolio3-660x495.jpg 660w, https:\/\/deeprootrevolution.com\/wp-content\/uploads\/2020\/07\/portfolio3-450x338.jpg 450w, https:\/\/deeprootrevolution.com\/wp-content\/uploads\/2020\/07\/portfolio3.jpg 1200w\" sizes=\"(max-width: 300px) 100vw, 300px\" \/>\t\t\t\t\t\t\t\t\t<\/a>\n\t\t\t\t\t\t\t\t\t\t\t<\/div>\n\t\t\t\t\t<div class=\"sow-image-grid-image\">\n\t\t\t\t\t\t\t\t\t\t\t\t\t<a href=\"#\"\n\t\t\t\t\t\t\t\t\t\t\t\t\t\t\t\t\t\ttarget=\"_blank\" \t\t\t\t\t\t\t\t\t\t\t\t\t\t\t\t\t\t\t\t\t\t\t\trel=\"noopener noreferrer\" \t\t\t\t\t\t\t\t\t\t\t>\n\t\t\t\t\t\t\t\t<img width=\"300\" height=\"300\" src=\"https:\/\/deeprootrevolution.com\/wp-content\/uploads\/2020\/07\/portfolio2-e1598466969534-300x300.jpg\" class=\"sow-image-grid-image_html\" alt=\"\" decoding=\"async\" loading=\"lazy\" title=\"Peach Grove fully operational\" srcset=\"https:\/\/deeprootrevolution.com\/wp-content\/uploads\/2020\/07\/portfolio2-e1598466969534-300x300.jpg 300w, https:\/\/deeprootrevolution.com\/wp-content\/uploads\/2020\/07\/portfolio2-e1598466969534-150x150.jpg 150w, https:\/\/deeprootrevolution.com\/wp-content\/uploads\/2020\/07\/portfolio2-e1598466969534-768x765.jpg 768w, https:\/\/deeprootrevolution.com\/wp-content\/uploads\/2020\/07\/portfolio2-e1598466969534-830x827.jpg 830w, https:\/\/deeprootrevolution.com\/wp-content\/uploads\/2020\/07\/portfolio2-e1598466969534-230x229.jpg 230w, https:\/\/deeprootrevolution.com\/wp-content\/uploads\/2020\/07\/portfolio2-e1598466969534-350x349.jpg 350w, https:\/\/deeprootrevolution.com\/wp-content\/uploads\/2020\/07\/portfolio2-e1598466969534-480x478.jpg 480w, https:\/\/deeprootrevolution.com\/wp-content\/uploads\/2020\/07\/portfolio2-e1598466969534.jpg 903w\" sizes=\"(max-width: 300px) 100vw, 300px\" \/>\t\t\t\t\t\t\t\t\t<\/a>\n\t\t\t\t\t\t\t\t\t\t\t<\/div>\n\t\t\t\t\t<div class=\"sow-image-grid-image\">\n\t\t\t\t\t\t\t\t\t\t\t\t\t<a href=\"#\"\n\t\t\t\t\t\t\t\t\t\t\t\t\t\t\t\t\t\ttarget=\"_blank\" \t\t\t\t\t\t\t\t\t\t\t\t\t\t\t\t\t\t\t\t\t\t\t\trel=\"noopener noreferrer\" \t\t\t\t\t\t\t\t\t\t\t>\n\t\t\t\t\t\t\t\t<img width=\"300\" height=\"225\" src=\"https:\/\/deeprootrevolution.com\/wp-content\/uploads\/2020\/07\/portfolio1-300x225.jpg\" class=\"sow-image-grid-image_html\" alt=\"\" decoding=\"async\" loading=\"lazy\" title=\"Apple Orchard with full capacity Irrigation\" srcset=\"https:\/\/deeprootrevolution.com\/wp-content\/uploads\/2020\/07\/portfolio1-300x225.jpg 300w, https:\/\/deeprootrevolution.com\/wp-content\/uploads\/2020\/07\/portfolio1-1024x768.jpg 1024w, https:\/\/deeprootrevolution.com\/wp-content\/uploads\/2020\/07\/portfolio1-768x576.jpg 768w, https:\/\/deeprootrevolution.com\/wp-content\/uploads\/2020\/07\/portfolio1-660x495.jpg 660w, https:\/\/deeprootrevolution.com\/wp-content\/uploads\/2020\/07\/portfolio1-450x338.jpg 450w, https:\/\/deeprootrevolution.com\/wp-content\/uploads\/2020\/07\/portfolio1.jpg 1200w\" sizes=\"(max-width: 300px) 100vw, 300px\" \/>\t\t\t\t\t\t\t\t\t<\/a>\n\t\t\t\t\t\t\t\t\t\t\t<\/div>\n\t\t\t<\/div>\n<\/div><\/div><\/div><\/div><\/div><\/div>","protected":false},"excerpt":{"rendered":"","protected":false},"author":1,"featured_media":0,"parent":0,"menu_order":0,"comment_status":"closed","ping_status":"closed","template":"page-templates\/page_fullwidth.php","meta":{"_coblocks_attr":"","_coblocks_dimensions":"","_coblocks_responsive_height":"","_coblocks_accordion_ie_support":"","_monsterinsights_skip_tracking":false,"_monsterinsights_sitenote_active":false,"_monsterinsights_sitenote_note":"","_monsterinsights_sitenote_category":0},"yoast_head":"<!-- This site is optimized with the Yoast SEO plugin v21.1 - https:\/\/yoast.com\/wordpress\/plugins\/seo\/ -->\n<title>Portfolio - Welcome to the Deep Root Revolution Deep Root Irrigation Systems<\/title>\n<meta name=\"robots\" content=\"index, follow, max-snippet:-1, max-image-preview:large, max-video-preview:-1\" \/>\n<link rel=\"canonical\" href=\"https:\/\/deeprootrevolution.com\/es\/portfolio\/\" \/>\n<meta property=\"og:locale\" content=\"es_MX\" \/>\n<meta property=\"og:type\" content=\"article\" \/>\n<meta property=\"og:title\" content=\"Portfolio - Welcome to the Deep Root Revolution Deep Root Irrigation Systems\" \/>\n<meta property=\"og:url\" content=\"https:\/\/deeprootrevolution.com\/es\/portfolio\/\" \/>\n<meta property=\"og:site_name\" content=\"Welcome to the Deep Root Revolution Deep Root Irrigation Systems\" \/>\n<meta property=\"article:modified_time\" content=\"2020-07-22T16:57:47+00:00\" \/>\n<meta name=\"twitter:card\" content=\"summary_large_image\" \/>\n<script type=\"application\/ld+json\" class=\"yoast-schema-graph\">{\"@context\":\"https:\/\/schema.org\",\"@graph\":[{\"@type\":\"WebPage\",\"@id\":\"https:\/\/deeprootrevolution.com\/es\/portfolio\/\",\"url\":\"https:\/\/deeprootrevolution.com\/es\/portfolio\/\",\"name\":\"Portfolio - Welcome to the Deep Root Revolution Deep Root Irrigation Systems\",\"isPartOf\":{\"@id\":\"https:\/\/deeprootrevolution.com\/#website\"},\"datePublished\":\"2020-07-10T13:05:20+00:00\",\"dateModified\":\"2020-07-22T16:57:47+00:00\",\"breadcrumb\":{\"@id\":\"https:\/\/deeprootrevolution.com\/es\/portfolio\/#breadcrumb\"},\"inLanguage\":\"es-MX\",\"potentialAction\":[{\"@type\":\"ReadAction\",\"target\":[\"https:\/\/deeprootrevolution.com\/es\/portfolio\/\"]}]},{\"@type\":\"BreadcrumbList\",\"@id\":\"https:\/\/deeprootrevolution.com\/es\/portfolio\/#breadcrumb\",\"itemListElement\":[{\"@type\":\"ListItem\",\"position\":1,\"name\":\"Home\",\"item\":\"https:\/\/deeprootrevolution.com\/\"},{\"@type\":\"ListItem\",\"position\":2,\"name\":\"Portfolio\"}]},{\"@type\":\"WebSite\",\"@id\":\"https:\/\/deeprootrevolution.com\/#website\",\"url\":\"https:\/\/deeprootrevolution.com\/\",\"name\":\"Welcome to the Deep Root Revolution Deep Root Irrigation Systems\",\"description\":\"Join The Revolution\",\"potentialAction\":[{\"@type\":\"SearchAction\",\"target\":{\"@type\":\"EntryPoint\",\"urlTemplate\":\"https:\/\/deeprootrevolution.com\/?s={search_term_string}\"},\"query-input\":\"required name=search_term_string\"}],\"inLanguage\":\"es-MX\"}]}<\/script>\n<!-- \/ Yoast SEO plugin. -->","yoast_head_json":{"title":"Portfolio - Welcome to the Deep Root Revolution Deep Root Irrigation Systems","robots":{"index":"index","follow":"follow","max-snippet":"max-snippet:-1","max-image-preview":"max-image-preview:large","max-video-preview":"max-video-preview:-1"},"canonical":"https:\/\/deeprootrevolution.com\/es\/portfolio\/","og_locale":"es_MX","og_type":"article","og_title":"Portfolio - Welcome to the Deep Root Revolution Deep Root Irrigation Systems","og_url":"https:\/\/deeprootrevolution.com\/es\/portfolio\/","og_site_name":"Welcome to the Deep Root Revolution Deep Root Irrigation Systems","article_modified_time":"2020-07-22T16:57:47+00:00","twitter_card":"summary_large_image","schema":{"@context":"https:\/\/schema.org","@graph":[{"@type":"WebPage","@id":"https:\/\/deeprootrevolution.com\/es\/portfolio\/","url":"https:\/\/deeprootrevolution.com\/es\/portfolio\/","name":"Portfolio - Welcome to the Deep Root Revolution Deep Root Irrigation Systems","isPartOf":{"@id":"https:\/\/deeprootrevolution.com\/#website"},"datePublished":"2020-07-10T13:05:20+00:00","dateModified":"2020-07-22T16:57:47+00:00","breadcrumb":{"@id":"https:\/\/deeprootrevolution.com\/es\/portfolio\/#breadcrumb"},"inLanguage":"es-MX","potentialAction":[{"@type":"ReadAction","target":["https:\/\/deeprootrevolution.com\/es\/portfolio\/"]}]},{"@type":"BreadcrumbList","@id":"https:\/\/deeprootrevolution.com\/es\/portfolio\/#breadcrumb","itemListElement":[{"@type":"ListItem","position":1,"name":"Home","item":"https:\/\/deeprootrevolution.com\/"},{"@type":"ListItem","position":2,"name":"Portfolio"}]},{"@type":"WebSite","@id":"https:\/\/deeprootrevolution.com\/#website","url":"https:\/\/deeprootrevolution.com\/","name":"Bienvenido a Deep Root Revolution Sistemas de riego de ra\u00edces profundas","description":"\u00danete a la revoluci\u00f3n","potentialAction":[{"@type":"SearchAction","target":{"@type":"EntryPoint","urlTemplate":"https:\/\/deeprootrevolution.com\/?s={search_term_string}"},"query-input":"required name=search_term_string"}],"inLanguage":"es-MX"}]}},"_links":{"self":[{"href":"https:\/\/deeprootrevolution.com\/es\/wp-json\/wp\/v2\/pages\/486"}],"collection":[{"href":"https:\/\/deeprootrevolution.com\/es\/wp-json\/wp\/v2\/pages"}],"about":[{"href":"https:\/\/deeprootrevolution.com\/es\/wp-json\/wp\/v2\/types\/page"}],"author":[{"embeddable":true,"href":"https:\/\/deeprootrevolution.com\/es\/wp-json\/wp\/v2\/users\/1"}],"replies":[{"embeddable":true,"href":"https:\/\/deeprootrevolution.com\/es\/wp-json\/wp\/v2\/comments?post=486"}],"version-history":[{"count":17,"href":"https:\/\/deeprootrevolution.com\/es\/wp-json\/wp\/v2\/pages\/486\/revisions"}],"predecessor-version":[{"id":590,"href":"https:\/\/deeprootrevolution.com\/es\/wp-json\/wp\/v2\/pages\/486\/revisions\/590"}],"wp:attachment":[{"href":"https:\/\/deeprootrevolution.com\/es\/wp-json\/wp\/v2\/media?parent=486"}],"curies":[{"name":"wp","href":"https:\/\/api.w.org\/{rel}","templated":true}]}}